{"id":895,"date":"2023-11-15T17:22:16","date_gmt":"2023-11-15T17:22:16","guid":{"rendered":"http:\/\/new.solinfor.ec\/?page_id=895"},"modified":"2023-11-17T16:15:58","modified_gmt":"2023-11-17T16:15:58","slug":"nuestra-cobertura","status":"publish","type":"page","link":"https:\/\/solinfor.ec\/?page_id=895","title":{"rendered":"Nuestra Cobertura"},"content":{"rendered":"\n<p>Sol\u00ednfor es una empresa proveedora de Internet, ubicada en Tarapoa, del cant\u00f3n Cuyabeno, provincia de Sucumb\u00edos<\/p>\n\n\n\n<ul class=\"wp-block-list\">\n<li>Tarapoa<\/li>\n\n\n\n<li>San Jos\u00e9<\/li>\n\n\n\n<li>Aguas Negras<\/li>\n\n\n\n<li>Paz y Bien<\/li>\n<\/ul>\n\n\n\n<p><a href=\"https:\/\/www.google.com\/maps\/place\/Tarapoa\/@-0.0771595,-76.4215711,12z\/data=!4m6!3m5!1s0x91d802dbc56fc893:0x29657fbbf78cc5d7!8m2!3d-0.1225378!4d-76.3463624!16s%2Fm%2F09gj65v?entry=ttu\" target=\"_blank\" rel=\"noreferrer noopener\"><img loading=\"lazy\" decoding=\"async\" width=\"1000\" height=\"710\" class=\"wp-image-898\" style=\"width: 1000px;\" src=\"https:\/\/solinfor.ec\/wp-content\/uploads\/2023\/11\/Mapa-politico-de-Cuyabeno.jpg\" alt=\"\" srcset=\"https:\/\/solinfor.ec\/wp-content\/uploads\/2023\/11\/Mapa-politico-de-Cuyabeno.jpg 2222w, https:\/\/solinfor.ec\/wp-content\/uploads\/2023\/11\/Mapa-politico-de-Cuyabeno-300x213.jpg 300w, https:\/\/solinfor.ec\/wp-content\/uploads\/2023\/11\/Mapa-politico-de-Cuyabeno-1024x727.jpg 1024w, https:\/\/solinfor.ec\/wp-content\/uploads\/2023\/11\/Mapa-politico-de-Cuyabeno-768x545.jpg 768w, https:\/\/solinfor.ec\/wp-content\/uploads\/2023\/11\/Mapa-politico-de-Cuyabeno-1536x1090.jpg 1536w, https:\/\/solinfor.ec\/wp-content\/uploads\/2023\/11\/Mapa-politico-de-Cuyabeno-2048x1454.jpg 2048w, https:\/\/solinfor.ec\/wp-content\/uploads\/2023\/11\/Mapa-politico-de-Cuyabeno-600x426.jpg 600w\" sizes=\"auto, (max-width: 1000px) 100vw, 1000px\" \/><\/a><\/p>\n","protected":false},"excerpt":{"rendered":"<p>Sol\u00ednfor es una empresa proveedora de Internet, ubicada en Tarapoa, del cant\u00f3n Cuyabeno, provincia de Sucumb\u00edos<\/p>\n","protected":false},"author":1,"featured_media":0,"parent":0,"menu_order":0,"comment_status":"closed","ping_status":"closed","template":"","meta":{"_kadence_starter_templates_imported_post":false,"footnotes":""},"class_list":["post-895","page","type-page","status-publish","hentry"],"_links":{"self":[{"href":"https:\/\/solinfor.ec\/index.php?rest_route=\/wp\/v2\/pages\/895","targetHints":{"allow":["GET"]}}],"collection":[{"href":"https:\/\/solinfor.ec\/index.php?rest_route=\/wp\/v2\/pages"}],"about":[{"href":"https:\/\/solinfor.ec\/index.php?rest_route=\/wp\/v2\/types\/page"}],"author":[{"embeddable":true,"href":"https:\/\/solinfor.ec\/index.php?rest_route=\/wp\/v2\/users\/1"}],"replies":[{"embeddable":true,"href":"https:\/\/solinfor.ec\/index.php?rest_route=%2Fwp%2Fv2%2Fcomments&post=895"}],"version-history":[{"count":3,"href":"https:\/\/solinfor.ec\/index.php?rest_route=\/wp\/v2\/pages\/895\/revisions"}],"predecessor-version":[{"id":922,"href":"https:\/\/solinfor.ec\/index.php?rest_route=\/wp\/v2\/pages\/895\/revisions\/922"}],"wp:attachment":[{"href":"https:\/\/solinfor.ec\/index.php?rest_route=%2Fwp%2Fv2%2Fmedia&parent=895"}],"curies":[{"name":"wp","href":"https:\/\/api.w.org\/{rel}","templated":true}]}}