{"id":857,"date":"2023-11-14T22:51:37","date_gmt":"2023-11-14T22:51:37","guid":{"rendered":"http:\/\/new.solinfor.ec\/?page_id=857"},"modified":"2023-11-14T22:55:43","modified_gmt":"2023-11-14T22:55:43","slug":"la-empresa","status":"publish","type":"page","link":"https:\/\/solinfor.ec\/?page_id=857","title":{"rendered":"La Empresa"},"content":{"rendered":"\n<p>PASI\u00d3N<\/p>\n\n\n\n<p>En Sol\u00ednfor amamos lo que hacemos, por eso no solo vendemos servicios, sino que llegamos a ser tu mejor aliado, para que tus servicios sean m\u00e1s r\u00e1pidos y eficientes, y as\u00ed tengas m\u00e1s tiempo de disfrutar de la vida&#8230;<\/p>\n\n\n\n<p>MISI\u00d3N<\/p>\n\n\n\n<p>Brindar el mejor servicio a nuestros clientes y usuarios en el Ecuador de productos y servicios telecomunicacionales de calidad, a traves de enlaces de Fibra \u00f3ptica o Wireless, que le permitan conectarse al mundo de forma inmediata.<\/p>\n\n\n\n<p>VISI\u00d3N<\/p>\n\n\n\n<p>Mejorar cada d\u00eda con mejores servicios, ser un socio estrat\u00e9gico aliado para tu negocio.<\/p>\n","protected":false},"excerpt":{"rendered":"<p>PASI\u00d3N En Sol\u00ednfor amamos lo que hacemos, por eso no solo vendemos servicios, sino que llegamos a ser tu mejor [&hellip;]<\/p>\n","protected":false},"author":1,"featured_media":0,"parent":0,"menu_order":0,"comment_status":"closed","ping_status":"closed","template":"","meta":{"_kadence_starter_templates_imported_post":false,"footnotes":""},"class_list":["post-857","page","type-page","status-publish","hentry"],"_links":{"self":[{"href":"https:\/\/solinfor.ec\/index.php?rest_route=\/wp\/v2\/pages\/857","targetHints":{"allow":["GET"]}}],"collection":[{"href":"https:\/\/solinfor.ec\/index.php?rest_route=\/wp\/v2\/pages"}],"about":[{"href":"https:\/\/solinfor.ec\/index.php?rest_route=\/wp\/v2\/types\/page"}],"author":[{"embeddable":true,"href":"https:\/\/solinfor.ec\/index.php?rest_route=\/wp\/v2\/users\/1"}],"replies":[{"embeddable":true,"href":"https:\/\/solinfor.ec\/index.php?rest_route=%2Fwp%2Fv2%2Fcomments&post=857"}],"version-history":[{"count":2,"href":"https:\/\/solinfor.ec\/index.php?rest_route=\/wp\/v2\/pages\/857\/revisions"}],"predecessor-version":[{"id":865,"href":"https:\/\/solinfor.ec\/index.php?rest_route=\/wp\/v2\/pages\/857\/revisions\/865"}],"wp:attachment":[{"href":"https:\/\/solinfor.ec\/index.php?rest_route=%2Fwp%2Fv2%2Fmedia&parent=857"}],"curies":[{"name":"wp","href":"https:\/\/api.w.org\/{rel}","templated":true}]}}